{"id":2574,"date":"2026-01-05T16:30:18","date_gmt":"2026-01-05T15:30:18","guid":{"rendered":"https:\/\/www.airnetsalaslimpias.com\/work-with-us\/"},"modified":"2026-02-09T18:53:18","modified_gmt":"2026-02-09T17:53:18","slug":"work-with-us","status":"publish","type":"page","link":"https:\/\/www.airnetsalaslimpias.com\/en\/work-with-us\/","title":{"rendered":"Work with us"},"content":{"rendered":"\t\t<div data-elementor-type=\"wp-page\" data-elementor-id=\"2574\" class=\"elementor elementor-2574 elementor-2566\" data-elementor-post-type=\"page\">\n\t\t\t\t<div class=\"elementor-element elementor-element-8714470 e-flex e-con-boxed e-con e-parent\" data-id=\"8714470\" data-element_type=\"container\" data-e-type=\"container\" data-settings=\"{&quot;background_background&quot;:&quot;classic&quot;}\">\n\t\t\t\t\t<div class=\"e-con-inner\">\n\t\t<div class=\"elementor-element elementor-element-31005b4 e-con-full e-flex e-con e-child\" data-id=\"31005b4\" data-element_type=\"container\" data-e-type=\"container\">\n\t\t<div class=\"elementor-element elementor-element-b16e704 e-con-full e-flex e-con e-child\" data-id=\"b16e704\" data-element_type=\"container\" data-e-type=\"container\">\n\t\t\t\t<div class=\"elementor-element elementor-element-1cf35c7 elementor-widget elementor-widget-heading\" data-id=\"1cf35c7\" data-element_type=\"widget\" data-e-type=\"widget\" data-widget_type=\"heading.default\">\n\t\t\t\t<div class=\"elementor-widget-container\">\n\t\t\t\t\t<h1 class=\"elementor-heading-title elementor-size-default\">Work with us<\/h1>\t\t\t\t<\/div>\n\t\t\t\t<\/div>\n\t\t\t\t<div class=\"elementor-element elementor-element-1d61486 elementor-widget elementor-widget-heading\" data-id=\"1d61486\" data-element_type=\"widget\" data-e-type=\"widget\" data-widget_type=\"heading.default\">\n\t\t\t\t<div class=\"elementor-widget-container\">\n\t\t\t\t\t<h2 class=\"elementor-heading-title elementor-size-default\">Join our team<\/h2>\t\t\t\t<\/div>\n\t\t\t\t<\/div>\n\t\t\t\t<\/div>\n\t\t\t\t<div class=\"elementor-element elementor-element-f9d7b37 elementor-widget elementor-widget-text-editor\" data-id=\"f9d7b37\" data-element_type=\"widget\" data-e-type=\"widget\" data-widget_type=\"text-editor.default\">\n\t\t\t\t<div class=\"elementor-widget-container\">\n\t\t\t\t\t\t\t\t\t<p>We are looking for people with a positive attitude, commitment, and a desire to learn, who enjoy teamwork and want to develop professionally with Air Net Salas Limpias. We value dedication, responsibility, and a drive to grow in a professional environment where people are a key part of the project.<\/p>\n<p>If you identify with this way of working and want to join our team, please complete the form and send us your application. We look forward to hearing from you.<\/p>\n\t\t\t\t\t\t\t\t<\/div>\n\t\t\t\t<\/div>\n\t\t\t\t<\/div>\n\t\t\t\t<div class=\"elementor-element elementor-element-125d23a elementor-button-align-stretch elementor-widget elementor-widget-form\" data-id=\"125d23a\" data-element_type=\"widget\" data-e-type=\"widget\" data-settings=\"{&quot;step_next_label&quot;:&quot;Next&quot;,&quot;step_previous_label&quot;:&quot;Previous&quot;,&quot;button_width&quot;:&quot;25&quot;,&quot;step_type&quot;:&quot;number_text&quot;,&quot;step_icon_shape&quot;:&quot;circle&quot;}\" data-widget_type=\"form.default\">\n\t\t\t\t<div class=\"elementor-widget-container\">\n\t\t\t\t\t\t\t<form class=\"elementor-form\" method=\"post\" name=\"New form\" aria-label=\"New form\">\n\t\t\t<input type=\"hidden\" name=\"post_id\" value=\"2574\"\/>\n\t\t\t<input type=\"hidden\" name=\"form_id\" value=\"125d23a\"\/>\n\t\t\t<input type=\"hidden\" name=\"referer_title\" value=\"AIR NET SALAS LIMPIAS\" \/>\n\n\t\t\t\n\t\t\t<div class=\"elementor-form-fields-wrapper elementor-labels-above\">\n\t\t\t\t\t\t\t\t<div class=\"elementor-field-type-text elementor-field-group elementor-column elementor-field-group-name elementor-col-50 elementor-field-required\">\n\t\t\t\t\t\t\t\t\t\t\t\t<label for=\"form-field-name\" class=\"elementor-field-label\">\n\t\t\t\t\t\t\t\tName\t\t\t\t\t\t\t<\/label>\n\t\t\t\t\t\t\t\t\t\t\t\t\t\t<input size=\"1\" type=\"text\" name=\"form_fields[name]\" id=\"form-field-name\" class=\"elementor-field elementor-size-sm  elementor-field-textual\" required=\"required\">\n\t\t\t\t\t\t\t\t\t\t\t<\/div>\n\t\t\t\t\t\t\t\t<div class=\"elementor-field-type-text elementor-field-group elementor-column elementor-field-group-field_95521b9 elementor-col-50 elementor-field-required\">\n\t\t\t\t\t\t\t\t\t\t\t\t<label for=\"form-field-field_95521b9\" class=\"elementor-field-label\">\n\t\t\t\t\t\t\t\tSurname\t\t\t\t\t\t\t<\/label>\n\t\t\t\t\t\t\t\t\t\t\t\t\t\t<input size=\"1\" type=\"text\" name=\"form_fields[field_95521b9]\" id=\"form-field-field_95521b9\" class=\"elementor-field elementor-size-sm  elementor-field-textual\" required=\"required\">\n\t\t\t\t\t\t\t\t\t\t\t<\/div>\n\t\t\t\t\t\t\t\t<div class=\"elementor-field-type-email elementor-field-group elementor-column elementor-field-group-email elementor-col-50 elementor-field-required\">\n\t\t\t\t\t\t\t\t\t\t\t\t<label for=\"form-field-email\" class=\"elementor-field-label\">\n\t\t\t\t\t\t\t\tEmail\t\t\t\t\t\t\t<\/label>\n\t\t\t\t\t\t\t\t\t\t\t\t\t\t<input size=\"1\" type=\"email\" name=\"form_fields[email]\" id=\"form-field-email\" class=\"elementor-field elementor-size-sm  elementor-field-textual\" required=\"required\">\n\t\t\t\t\t\t\t\t\t\t\t<\/div>\n\t\t\t\t\t\t\t\t<div class=\"elementor-field-type-tel elementor-field-group elementor-column elementor-field-group-field_e64af03 elementor-col-50 elementor-field-required\">\n\t\t\t\t\t\t\t\t\t\t\t\t<label for=\"form-field-field_e64af03\" class=\"elementor-field-label\">\n\t\t\t\t\t\t\t\tPhone\t\t\t\t\t\t\t<\/label>\n\t\t\t\t\t\t\t\t<input size=\"1\" type=\"tel\" name=\"form_fields[field_e64af03]\" id=\"form-field-field_e64af03\" class=\"elementor-field elementor-size-sm  elementor-field-textual\" required=\"required\" pattern=\"[0-9()#&amp;+*-=.]+\" title=\"Only numbers and phone characters (#, -, *, etc) are accepted.\">\n\n\t\t\t\t\t\t<\/div>\n\t\t\t\t\t\t\t\t<div class=\"elementor-field-type-upload elementor-field-group elementor-column elementor-field-group-field_e1845ab elementor-col-100 elementor-field-required\">\n\t\t\t\t\t\t\t\t\t\t\t\t<label for=\"form-field-field_e1845ab\" class=\"elementor-field-label\">\n\t\t\t\t\t\t\t\tUpload your resume\t\t\t\t\t\t\t<\/label>\n\t\t\t\t\t\t\t\t<input type=\"file\" name=\"form_fields[field_e1845ab]\" id=\"form-field-field_e1845ab\" class=\"elementor-field elementor-size-sm  elementor-upload-field\" required=\"required\">\n\n\t\t\t\t\t\t<\/div>\n\t\t\t\t\t\t\t\t<div class=\"elementor-field-type-textarea elementor-field-group elementor-column elementor-field-group-message elementor-col-100\">\n\t\t\t\t\t\t\t\t\t\t\t\t<label for=\"form-field-message\" class=\"elementor-field-label\">\n\t\t\t\t\t\t\t\tDo you want to leave us any additional message?\t\t\t\t\t\t\t<\/label>\n\t\t\t\t\t\t<textarea class=\"elementor-field-textual elementor-field  elementor-size-sm\" name=\"form_fields[message]\" id=\"form-field-message\" rows=\"10\"><\/textarea>\t\t\t\t<\/div>\n\t\t\t\t\t\t\t\t<div class=\"elementor-field-type-acceptance elementor-field-group elementor-column elementor-field-group-field_8348053 elementor-col-100 elementor-field-required\">\n\t\t\t\t\t\t\t<div class=\"elementor-field-subgroup\">\n\t\t\t<span class=\"elementor-field-option\">\n\t\t\t\t<input type=\"checkbox\" name=\"form_fields[field_8348053]\" id=\"form-field-field_8348053\" class=\"elementor-field elementor-size-sm  elementor-acceptance-field\" required=\"required\">\n\t\t\t\t<label for=\"form-field-field_8348053\">I have read and agree to the <a href=\"https:\/\/www.airnetsalaslimpias.com\/politica-de-privacidad\/\" target=\"_blank\">privacy policy<\/a>.<\/label>\t\t\t<\/span>\n\t\t<\/div>\n\t\t\t\t\t\t<\/div>\n\t\t\t\t\t\t\t\t<div class=\"elementor-field-type-recaptcha_v3 elementor-field-group elementor-column elementor-field-group-field_6293d6c elementor-col-100 recaptcha_v3-bottomright\">\n\t\t\t\t\t<div class=\"elementor-field\" id=\"form-field-field_6293d6c\"><div class=\"elementor-g-recaptcha\" data-sitekey=\"6Led-hErAAAAAHNA8WF6pD1OW8aIH7STodYnExUU\" data-type=\"v3\" data-action=\"Form\" data-badge=\"bottomright\" data-size=\"invisible\"><\/div><\/div>\t\t\t\t<\/div>\n\t\t\t\t\t\t\t\t<div class=\"elementor-field-group elementor-column elementor-field-type-submit elementor-col-25 e-form__buttons\">\n\t\t\t\t\t<button class=\"elementor-button elementor-size-sm\" type=\"submit\">\n\t\t\t\t\t\t<span class=\"elementor-button-content-wrapper\">\n\t\t\t\t\t\t\t\t\t\t\t\t\t\t\t\t\t\t\t\t\t\t<span class=\"elementor-button-text\">Submit<\/span>\n\t\t\t\t\t\t\t\t\t\t\t\t\t<\/span>\n\t\t\t\t\t<\/button>\n\t\t\t\t<\/div>\n\t\t\t<\/div>\n\t\t<\/form>\n\t\t\t\t\t\t<\/div>\n\t\t\t\t<\/div>\n\t\t\t\t\t<\/div>\n\t\t\t\t<\/div>\n\t\t\t\t<\/div>\n\t\t","protected":false},"excerpt":{"rendered":"<p>Work with us Join our team We are looking for people with a positive attitude, commitment, and a desire to learn, who enjoy teamwork and want to develop professionally with Air Net Salas Limpias. We value dedication, responsibility, and a drive to grow in a professional environment where people are a key part of the [&hellip;]<\/p>\n","protected":false},"author":1,"featured_media":0,"parent":0,"menu_order":0,"comment_status":"closed","ping_status":"closed","template":"elementor_header_footer","meta":{"footnotes":""},"class_list":["post-2574","page","type-page","status-publish","hentry"],"yoast_head":"<!-- This site is optimized with the Yoast SEO plugin v27.3 - https:\/\/yoast.com\/product\/yoast-seo-wordpress\/ -->\n<title>Work with us - AIR NET SALAS LIMPIAS<\/title>\n<meta name=\"robots\" content=\"index, follow, max-snippet:-1, max-image-preview:large, max-video-preview:-1\" \/>\n<link rel=\"canonical\" href=\"https:\/\/www.airnetsalaslimpias.com\/en\/work-with-us\/\" \/>\n<meta property=\"og:locale\" content=\"en_US\" \/>\n<meta property=\"og:type\" content=\"article\" \/>\n<meta property=\"og:title\" content=\"Work with us - AIR NET SALAS LIMPIAS\" \/>\n<meta property=\"og:description\" content=\"Work with us Join our team We are looking for people with a positive attitude, commitment, and a desire to learn, who enjoy teamwork and want to develop professionally with Air Net Salas Limpias. We value dedication, responsibility, and a drive to grow in a professional environment where people are a key part of the [&hellip;]\" \/>\n<meta property=\"og:url\" content=\"https:\/\/www.airnetsalaslimpias.com\/en\/work-with-us\/\" \/>\n<meta property=\"og:site_name\" content=\"AIR NET SALAS LIMPIAS\" \/>\n<meta property=\"article:modified_time\" content=\"2026-02-09T17:53:18+00:00\" \/>\n<meta name=\"twitter:card\" content=\"summary_large_image\" \/>\n<script type=\"application\/ld+json\" class=\"yoast-schema-graph\">{\"@context\":\"https:\\\/\\\/schema.org\",\"@graph\":[{\"@type\":\"WebPage\",\"@id\":\"https:\\\/\\\/www.airnetsalaslimpias.com\\\/en\\\/work-with-us\\\/\",\"url\":\"https:\\\/\\\/www.airnetsalaslimpias.com\\\/en\\\/work-with-us\\\/\",\"name\":\"Work with us - AIR NET SALAS LIMPIAS\",\"isPartOf\":{\"@id\":\"https:\\\/\\\/www.airnetsalaslimpias.com\\\/en\\\/#website\"},\"datePublished\":\"2026-01-05T15:30:18+00:00\",\"dateModified\":\"2026-02-09T17:53:18+00:00\",\"breadcrumb\":{\"@id\":\"https:\\\/\\\/www.airnetsalaslimpias.com\\\/en\\\/work-with-us\\\/#breadcrumb\"},\"inLanguage\":\"en-US\",\"potentialAction\":[{\"@type\":\"ReadAction\",\"target\":[\"https:\\\/\\\/www.airnetsalaslimpias.com\\\/en\\\/work-with-us\\\/\"]}]},{\"@type\":\"BreadcrumbList\",\"@id\":\"https:\\\/\\\/www.airnetsalaslimpias.com\\\/en\\\/work-with-us\\\/#breadcrumb\",\"itemListElement\":[{\"@type\":\"ListItem\",\"position\":1,\"name\":\"Portada\",\"item\":\"https:\\\/\\\/www.airnetsalaslimpias.com\\\/en\\\/\"},{\"@type\":\"ListItem\",\"position\":2,\"name\":\"Work with us\"}]},{\"@type\":\"WebSite\",\"@id\":\"https:\\\/\\\/www.airnetsalaslimpias.com\\\/en\\\/#website\",\"url\":\"https:\\\/\\\/www.airnetsalaslimpias.com\\\/en\\\/\",\"name\":\"AIR NET SALAS LIMPIAS\",\"description\":\"+20 a\u00f1os en el dise\u00f1o, construcci\u00f3n y mantenimiento  de instalaciones de tratamiento de aire para salas limpias  y \u00e1reas de contenci\u00f3n\",\"publisher\":{\"@id\":\"https:\\\/\\\/www.airnetsalaslimpias.com\\\/en\\\/#organization\"},\"potentialAction\":[{\"@type\":\"SearchAction\",\"target\":{\"@type\":\"EntryPoint\",\"urlTemplate\":\"https:\\\/\\\/www.airnetsalaslimpias.com\\\/en\\\/?s={search_term_string}\"},\"query-input\":{\"@type\":\"PropertyValueSpecification\",\"valueRequired\":true,\"valueName\":\"search_term_string\"}}],\"inLanguage\":\"en-US\"},{\"@type\":\"Organization\",\"@id\":\"https:\\\/\\\/www.airnetsalaslimpias.com\\\/en\\\/#organization\",\"name\":\"AIR NET SALAS LIMPIAS\",\"url\":\"https:\\\/\\\/www.airnetsalaslimpias.com\\\/en\\\/\",\"logo\":{\"@type\":\"ImageObject\",\"inLanguage\":\"en-US\",\"@id\":\"https:\\\/\\\/www.airnetsalaslimpias.com\\\/en\\\/#\\\/schema\\\/logo\\\/image\\\/\",\"url\":\"https:\\\/\\\/www.airnetsalaslimpias.com\\\/wp-content\\\/uploads\\\/2025\\\/03\\\/Logo-AN-completo-vectorizado-2048x1034-1.jpg\",\"contentUrl\":\"https:\\\/\\\/www.airnetsalaslimpias.com\\\/wp-content\\\/uploads\\\/2025\\\/03\\\/Logo-AN-completo-vectorizado-2048x1034-1.jpg\",\"width\":2048,\"height\":1034,\"caption\":\"AIR NET SALAS LIMPIAS\"},\"image\":{\"@id\":\"https:\\\/\\\/www.airnetsalaslimpias.com\\\/en\\\/#\\\/schema\\\/logo\\\/image\\\/\"}}]}<\/script>\n<!-- \/ Yoast SEO plugin. -->","yoast_head_json":{"title":"Work with us - AIR NET SALAS LIMPIAS","robots":{"index":"index","follow":"follow","max-snippet":"max-snippet:-1","max-image-preview":"max-image-preview:large","max-video-preview":"max-video-preview:-1"},"canonical":"https:\/\/www.airnetsalaslimpias.com\/en\/work-with-us\/","og_locale":"en_US","og_type":"article","og_title":"Work with us - AIR NET SALAS LIMPIAS","og_description":"Work with us Join our team We are looking for people with a positive attitude, commitment, and a desire to learn, who enjoy teamwork and want to develop professionally with Air Net Salas Limpias. We value dedication, responsibility, and a drive to grow in a professional environment where people are a key part of the [&hellip;]","og_url":"https:\/\/www.airnetsalaslimpias.com\/en\/work-with-us\/","og_site_name":"AIR NET SALAS LIMPIAS","article_modified_time":"2026-02-09T17:53:18+00:00","twitter_card":"summary_large_image","schema":{"@context":"https:\/\/schema.org","@graph":[{"@type":"WebPage","@id":"https:\/\/www.airnetsalaslimpias.com\/en\/work-with-us\/","url":"https:\/\/www.airnetsalaslimpias.com\/en\/work-with-us\/","name":"Work with us - AIR NET SALAS LIMPIAS","isPartOf":{"@id":"https:\/\/www.airnetsalaslimpias.com\/en\/#website"},"datePublished":"2026-01-05T15:30:18+00:00","dateModified":"2026-02-09T17:53:18+00:00","breadcrumb":{"@id":"https:\/\/www.airnetsalaslimpias.com\/en\/work-with-us\/#breadcrumb"},"inLanguage":"en-US","potentialAction":[{"@type":"ReadAction","target":["https:\/\/www.airnetsalaslimpias.com\/en\/work-with-us\/"]}]},{"@type":"BreadcrumbList","@id":"https:\/\/www.airnetsalaslimpias.com\/en\/work-with-us\/#breadcrumb","itemListElement":[{"@type":"ListItem","position":1,"name":"Portada","item":"https:\/\/www.airnetsalaslimpias.com\/en\/"},{"@type":"ListItem","position":2,"name":"Work with us"}]},{"@type":"WebSite","@id":"https:\/\/www.airnetsalaslimpias.com\/en\/#website","url":"https:\/\/www.airnetsalaslimpias.com\/en\/","name":"AIR NET SALAS LIMPIAS","description":"+20 a\u00f1os en el dise\u00f1o, construcci\u00f3n y mantenimiento  de instalaciones de tratamiento de aire para salas limpias  y \u00e1reas de contenci\u00f3n","publisher":{"@id":"https:\/\/www.airnetsalaslimpias.com\/en\/#organization"},"potentialAction":[{"@type":"SearchAction","target":{"@type":"EntryPoint","urlTemplate":"https:\/\/www.airnetsalaslimpias.com\/en\/?s={search_term_string}"},"query-input":{"@type":"PropertyValueSpecification","valueRequired":true,"valueName":"search_term_string"}}],"inLanguage":"en-US"},{"@type":"Organization","@id":"https:\/\/www.airnetsalaslimpias.com\/en\/#organization","name":"AIR NET SALAS LIMPIAS","url":"https:\/\/www.airnetsalaslimpias.com\/en\/","logo":{"@type":"ImageObject","inLanguage":"en-US","@id":"https:\/\/www.airnetsalaslimpias.com\/en\/#\/schema\/logo\/image\/","url":"https:\/\/www.airnetsalaslimpias.com\/wp-content\/uploads\/2025\/03\/Logo-AN-completo-vectorizado-2048x1034-1.jpg","contentUrl":"https:\/\/www.airnetsalaslimpias.com\/wp-content\/uploads\/2025\/03\/Logo-AN-completo-vectorizado-2048x1034-1.jpg","width":2048,"height":1034,"caption":"AIR NET SALAS LIMPIAS"},"image":{"@id":"https:\/\/www.airnetsalaslimpias.com\/en\/#\/schema\/logo\/image\/"}}]}},"_links":{"self":[{"href":"https:\/\/www.airnetsalaslimpias.com\/en\/wp-json\/wp\/v2\/pages\/2574","targetHints":{"allow":["GET"]}}],"collection":[{"href":"https:\/\/www.airnetsalaslimpias.com\/en\/wp-json\/wp\/v2\/pages"}],"about":[{"href":"https:\/\/www.airnetsalaslimpias.com\/en\/wp-json\/wp\/v2\/types\/page"}],"author":[{"embeddable":true,"href":"https:\/\/www.airnetsalaslimpias.com\/en\/wp-json\/wp\/v2\/users\/1"}],"replies":[{"embeddable":true,"href":"https:\/\/www.airnetsalaslimpias.com\/en\/wp-json\/wp\/v2\/comments?post=2574"}],"version-history":[{"count":2,"href":"https:\/\/www.airnetsalaslimpias.com\/en\/wp-json\/wp\/v2\/pages\/2574\/revisions"}],"predecessor-version":[{"id":2611,"href":"https:\/\/www.airnetsalaslimpias.com\/en\/wp-json\/wp\/v2\/pages\/2574\/revisions\/2611"}],"wp:attachment":[{"href":"https:\/\/www.airnetsalaslimpias.com\/en\/wp-json\/wp\/v2\/media?parent=2574"}],"curies":[{"name":"wp","href":"https:\/\/api.w.org\/{rel}","templated":true}]}}