{"id":2316,"date":"2025-03-12T11:31:18","date_gmt":"2025-03-12T10:31:18","guid":{"rendered":"https:\/\/www.airnetsalaslimpias.com\/facilities\/"},"modified":"2025-04-14T11:49:54","modified_gmt":"2025-04-14T09:49:54","slug":"facilities","status":"publish","type":"page","link":"https:\/\/www.airnetsalaslimpias.com\/en\/facilities\/","title":{"rendered":"Facilities"},"content":{"rendered":"\t\t<div data-elementor-type=\"wp-page\" data-elementor-id=\"2316\" class=\"elementor elementor-2316 elementor-31\" data-elementor-post-type=\"page\">\n\t\t\t\t<div class=\"elementor-element elementor-element-9d1f14b elementor-hidden-desktop elementor-hidden-tablet elementor-hidden-mobile e-flex e-con-boxed e-con e-parent\" data-id=\"9d1f14b\" data-element_type=\"container\" data-e-type=\"container\" data-settings=\"{&quot;background_background&quot;:&quot;classic&quot;}\">\n\t\t\t\t\t<div class=\"e-con-inner\">\n\t\t\t\t<div class=\"elementor-element elementor-element-281254a elementor-widget elementor-widget-heading\" data-id=\"281254a\" data-element_type=\"widget\" data-e-type=\"widget\" data-widget_type=\"heading.default\">\n\t\t\t\t<div class=\"elementor-widget-container\">\n\t\t\t\t\t<h1 class=\"elementor-heading-title elementor-size-default\">Facilities<\/h1>\t\t\t\t<\/div>\n\t\t\t\t<\/div>\n\t\t\t\t<div class=\"elementor-element elementor-element-c20158e elementor-widget__width-initial elementor-widget elementor-widget-text-editor\" data-id=\"c20158e\" data-element_type=\"widget\" data-e-type=\"widget\" data-widget_type=\"text-editor.default\">\n\t\t\t\t<div class=\"elementor-widget-container\">\n\t\t\t\t\t\t\t\t\t<p>At AIR NET SALAS LIMPIAS we design and build optimal controlled spaces, ideal for pharmaceutical industries, hospitals, laboratories, research centers, and specialized industrial sectors.<\/p>\n\t\t\t\t\t\t\t\t<\/div>\n\t\t\t\t<\/div>\n\t\t\t\t\t<\/div>\n\t\t\t\t<\/div>\n\t\t<div class=\"elementor-element elementor-element-d63f77f e-flex e-con-boxed e-con e-parent\" data-id=\"d63f77f\" data-element_type=\"container\" data-e-type=\"container\" data-settings=\"{&quot;background_background&quot;:&quot;classic&quot;}\">\n\t\t\t\t\t<div class=\"e-con-inner\">\n\t\t<div class=\"elementor-element elementor-element-1471d29 e-con-full e-flex e-con e-child\" data-id=\"1471d29\" data-element_type=\"container\" data-e-type=\"container\">\n\t\t<div class=\"elementor-element elementor-element-c4e22a0 e-con-full e-flex e-con e-child\" data-id=\"c4e22a0\" data-element_type=\"container\" data-e-type=\"container\">\n\t\t\t\t<div class=\"elementor-element elementor-element-6eb00f7 elementor-widget elementor-widget-heading\" data-id=\"6eb00f7\" data-element_type=\"widget\" data-e-type=\"widget\" data-widget_type=\"heading.default\">\n\t\t\t\t<div class=\"elementor-widget-container\">\n\t\t\t\t\t<h1 class=\"elementor-heading-title elementor-size-default\">Design and construction of air treatment facilities<\/h1>\t\t\t\t<\/div>\n\t\t\t\t<\/div>\n\t\t\t\t<div class=\"elementor-element elementor-element-e058d09 elementor-widget elementor-widget-heading\" data-id=\"e058d09\" data-element_type=\"widget\" data-e-type=\"widget\" data-widget_type=\"heading.default\">\n\t\t\t\t<div class=\"elementor-widget-container\">\n\t\t\t\t\t<h2 class=\"elementor-heading-title elementor-size-default\">We offer comprehensive solutions specialized in the design and construction of air treatment facilities<\/h2>\t\t\t\t<\/div>\n\t\t\t\t<\/div>\n\t\t\t\t<\/div>\n\t\t\t\t<\/div>\n\t\t\t\t<div class=\"elementor-element elementor-element-f5e554f elementor-widget-divider--view-line elementor-widget elementor-widget-divider\" data-id=\"f5e554f\" data-element_type=\"widget\" data-e-type=\"widget\" data-widget_type=\"divider.default\">\n\t\t\t\t<div class=\"elementor-widget-container\">\n\t\t\t\t\t\t\t<div class=\"elementor-divider\">\n\t\t\t<span class=\"elementor-divider-separator\">\n\t\t\t\t\t\t<\/span>\n\t\t<\/div>\n\t\t\t\t\t\t<\/div>\n\t\t\t\t<\/div>\n\t\t<div class=\"elementor-element elementor-element-6edbe8f e-con-full e-flex e-con e-child\" data-id=\"6edbe8f\" data-element_type=\"container\" data-e-type=\"container\" data-settings=\"{&quot;background_background&quot;:&quot;classic&quot;}\">\n\t\t<div class=\"elementor-element elementor-element-47c4c7b e-con-full e-flex e-con e-child\" data-id=\"47c4c7b\" data-element_type=\"container\" data-e-type=\"container\">\n\t\t\t\t<div class=\"elementor-element elementor-element-b5edc73 elementor-widget elementor-widget-image\" data-id=\"b5edc73\" data-element_type=\"widget\" data-e-type=\"widget\" data-widget_type=\"image.default\">\n\t\t\t\t<div class=\"elementor-widget-container\">\n\t\t\t\t\t\t\t\t\t\t\t\t\t\t\t<img fetchpriority=\"high\" decoding=\"async\" width=\"720\" height=\"756\" src=\"https:\/\/www.airnetsalaslimpias.com\/wp-content\/uploads\/2025\/03\/INSTALACIONES-4.jpg\" class=\"attachment-full size-full wp-image-2228\" alt=\"\" srcset=\"https:\/\/www.airnetsalaslimpias.com\/wp-content\/uploads\/2025\/03\/INSTALACIONES-4.jpg 720w, https:\/\/www.airnetsalaslimpias.com\/wp-content\/uploads\/2025\/03\/INSTALACIONES-4-286x300.jpg 286w\" sizes=\"(max-width: 720px) 100vw, 720px\" \/>\t\t\t\t\t\t\t\t\t\t\t\t\t\t\t<\/div>\n\t\t\t\t<\/div>\n\t\t\t\t<\/div>\n\t\t<div class=\"elementor-element elementor-element-0d3565f e-con-full e-flex e-con e-child\" data-id=\"0d3565f\" data-element_type=\"container\" data-e-type=\"container\">\n\t\t\t\t<div class=\"elementor-element elementor-element-f91ad88 elementor-widget elementor-widget-heading\" data-id=\"f91ad88\" data-element_type=\"widget\" data-e-type=\"widget\" data-widget_type=\"heading.default\">\n\t\t\t\t<div class=\"elementor-widget-container\">\n\t\t\t\t\t<h3 class=\"elementor-heading-title elementor-size-default\">We design and build advanced facilities<br> for air treatment.<\/h3>\t\t\t\t<\/div>\n\t\t\t\t<\/div>\n\t\t\t\t<div class=\"elementor-element elementor-element-6374f32 elementor-widget elementor-widget-text-editor\" data-id=\"6374f32\" data-element_type=\"widget\" data-e-type=\"widget\" data-widget_type=\"text-editor.default\">\n\t\t\t\t<div class=\"elementor-widget-container\">\n\t\t\t\t\t\t\t\t\t<p>At AIR NET SALAS LIMPIAS we design and build optimal controlled spaces, ideal for pharmaceutical industries, hospitals, laboratories, research centers, and specialized industrial sectors.<\/p>\n<p>We provide personalized service, from the initial consulting stage to commissioning, ensuring full client satisfaction.<\/p>\n\t\t\t\t\t\t\t\t<\/div>\n\t\t\t\t<\/div>\n\t\t\t\t<div class=\"elementor-element elementor-element-89e3a8e elementor-mobile-align-justify elementor-widget elementor-widget-button\" data-id=\"89e3a8e\" data-element_type=\"widget\" data-e-type=\"widget\" data-widget_type=\"button.default\">\n\t\t\t\t<div class=\"elementor-widget-container\">\n\t\t\t\t\t\t\t\t\t<div class=\"elementor-button-wrapper\">\n\t\t\t\t\t<a class=\"elementor-button elementor-button-link elementor-size-sm\" href=\"https:\/\/www.airnetsalaslimpias.com\/contacto\/\">\n\t\t\t\t\t\t<span class=\"elementor-button-content-wrapper\">\n\t\t\t\t\t\t\t\t\t<span class=\"elementor-button-text\">Read more<\/span>\n\t\t\t\t\t<\/span>\n\t\t\t\t\t<\/a>\n\t\t\t\t<\/div>\n\t\t\t\t\t\t\t\t<\/div>\n\t\t\t\t<\/div>\n\t\t\t\t<\/div>\n\t\t\t\t<\/div>\n\t\t<div class=\"elementor-element elementor-element-83e7c32 e-con-full e-flex e-con e-child\" data-id=\"83e7c32\" data-element_type=\"container\" data-e-type=\"container\" data-settings=\"{&quot;background_background&quot;:&quot;classic&quot;}\">\n\t\t<div class=\"elementor-element elementor-element-949b6b3 e-con-full e-flex e-con e-child\" data-id=\"949b6b3\" data-element_type=\"container\" data-e-type=\"container\">\n\t\t\t\t<div class=\"elementor-element elementor-element-49f742b elementor-widget elementor-widget-heading\" data-id=\"49f742b\" data-element_type=\"widget\" data-e-type=\"widget\" data-widget_type=\"heading.default\">\n\t\t\t\t<div class=\"elementor-widget-container\">\n\t\t\t\t\t<h3 class=\"elementor-heading-title elementor-size-default\">We strictly comply with current international regulations, such as ISO 14644, etc.<\/h3>\t\t\t\t<\/div>\n\t\t\t\t<\/div>\n\t\t\t\t<div class=\"elementor-element elementor-element-9835c28 elementor-widget elementor-widget-text-editor\" data-id=\"9835c28\" data-element_type=\"widget\" data-e-type=\"widget\" data-widget_type=\"text-editor.default\">\n\t\t\t\t<div class=\"elementor-widget-container\">\n\t\t\t\t\t\t\t\t\t<p>Our facilities strictly comply with current international regulations (ISO 14644, GMP, FDA, among others), guaranteeing safe, clean, and regulated environments.<\/p>\n<p>We perform exhaustive controls throughout all phases of the project to ensure the quality and functionality of each facility.<\/p>\n\t\t\t\t\t\t\t\t<\/div>\n\t\t\t\t<\/div>\n\t\t\t\t<div class=\"elementor-element elementor-element-8a43fd8 elementor-mobile-align-justify elementor-widget elementor-widget-button\" data-id=\"8a43fd8\" data-element_type=\"widget\" data-e-type=\"widget\" data-widget_type=\"button.default\">\n\t\t\t\t<div class=\"elementor-widget-container\">\n\t\t\t\t\t\t\t\t\t<div class=\"elementor-button-wrapper\">\n\t\t\t\t\t<a class=\"elementor-button elementor-button-link elementor-size-sm\" href=\"https:\/\/www.airnetsalaslimpias.com\/contacto\/\">\n\t\t\t\t\t\t<span class=\"elementor-button-content-wrapper\">\n\t\t\t\t\t\t\t\t\t<span class=\"elementor-button-text\">Read more<\/span>\n\t\t\t\t\t<\/span>\n\t\t\t\t\t<\/a>\n\t\t\t\t<\/div>\n\t\t\t\t\t\t\t\t<\/div>\n\t\t\t\t<\/div>\n\t\t\t\t<\/div>\n\t\t<div class=\"elementor-element elementor-element-ea91ab6 e-con-full e-flex e-con e-child\" data-id=\"ea91ab6\" data-element_type=\"container\" data-e-type=\"container\">\n\t\t\t\t<div class=\"elementor-element elementor-element-35e3dea elementor-widget elementor-widget-image\" data-id=\"35e3dea\" data-element_type=\"widget\" data-e-type=\"widget\" data-widget_type=\"image.default\">\n\t\t\t\t<div class=\"elementor-widget-container\">\n\t\t\t\t\t\t\t\t\t\t\t\t\t\t\t<img decoding=\"async\" width=\"720\" height=\"756\" src=\"https:\/\/www.airnetsalaslimpias.com\/wp-content\/uploads\/2025\/03\/instalaciones-8.jpg\" class=\"attachment-full size-full wp-image-2232\" alt=\"\" srcset=\"https:\/\/www.airnetsalaslimpias.com\/wp-content\/uploads\/2025\/03\/instalaciones-8.jpg 720w, https:\/\/www.airnetsalaslimpias.com\/wp-content\/uploads\/2025\/03\/instalaciones-8-286x300.jpg 286w\" sizes=\"(max-width: 720px) 100vw, 720px\" \/>\t\t\t\t\t\t\t\t\t\t\t\t\t\t\t<\/div>\n\t\t\t\t<\/div>\n\t\t\t\t<\/div>\n\t\t\t\t<\/div>\n\t\t<div class=\"elementor-element elementor-element-00c075b e-con-full e-flex e-con e-child\" data-id=\"00c075b\" data-element_type=\"container\" data-e-type=\"container\" data-settings=\"{&quot;background_background&quot;:&quot;classic&quot;}\">\n\t\t<div class=\"elementor-element elementor-element-df8d49d e-con-full e-flex e-con e-child\" data-id=\"df8d49d\" data-element_type=\"container\" data-e-type=\"container\">\n\t\t\t\t<div class=\"elementor-element elementor-element-1997538 elementor-widget elementor-widget-image\" data-id=\"1997538\" data-element_type=\"widget\" data-e-type=\"widget\" data-widget_type=\"image.default\">\n\t\t\t\t<div class=\"elementor-widget-container\">\n\t\t\t\t\t\t\t\t\t\t\t\t\t\t\t<img decoding=\"async\" width=\"720\" height=\"756\" src=\"https:\/\/www.airnetsalaslimpias.com\/wp-content\/uploads\/2025\/03\/mantenimiento.jpg\" class=\"attachment-full size-full wp-image-2198\" alt=\"\" \/>\t\t\t\t\t\t\t\t\t\t\t\t\t\t\t<\/div>\n\t\t\t\t<\/div>\n\t\t\t\t<\/div>\n\t\t<div class=\"elementor-element elementor-element-32b27fe e-con-full e-flex e-con e-child\" data-id=\"32b27fe\" data-element_type=\"container\" data-e-type=\"container\">\n\t\t\t\t<div class=\"elementor-element elementor-element-14444e7 elementor-widget elementor-widget-heading\" data-id=\"14444e7\" data-element_type=\"widget\" data-e-type=\"widget\" data-widget_type=\"heading.default\">\n\t\t\t\t<div class=\"elementor-widget-container\">\n\t\t\t\t\t<h3 class=\"elementor-heading-title elementor-size-default\">From the initial consulting stage<br> to the start-up<\/h3>\t\t\t\t<\/div>\n\t\t\t\t<\/div>\n\t\t\t\t<div class=\"elementor-element elementor-element-18f8e07 elementor-widget elementor-widget-text-editor\" data-id=\"18f8e07\" data-element_type=\"widget\" data-e-type=\"widget\" data-widget_type=\"text-editor.default\">\n\t\t\t\t<div class=\"elementor-widget-container\">\n\t\t\t\t\t\t\t\t\t<p>En cada proyecto, nuestro compromiso con la calidad nos impulsa a supervisar meticulosamente cada fase del proceso, desde el dise\u00f1o conceptual hasta la puesta en marcha.<\/p>\n<p>Ofrecemos soluciones energ\u00e9ticamente eficientes y sostenibles, minimizando costes operativos y aumentando la vida \u00fatil de sus instalaciones.<\/p>\n\t\t\t\t\t\t\t\t<\/div>\n\t\t\t\t<\/div>\n\t\t\t\t<div class=\"elementor-element elementor-element-4c5f5d5 elementor-mobile-align-justify elementor-widget elementor-widget-button\" data-id=\"4c5f5d5\" data-element_type=\"widget\" data-e-type=\"widget\" data-widget_type=\"button.default\">\n\t\t\t\t<div class=\"elementor-widget-container\">\n\t\t\t\t\t\t\t\t\t<div class=\"elementor-button-wrapper\">\n\t\t\t\t\t<a class=\"elementor-button elementor-button-link elementor-size-sm\" href=\"https:\/\/www.airnetsalaslimpias.com\/contacto\/\">\n\t\t\t\t\t\t<span class=\"elementor-button-content-wrapper\">\n\t\t\t\t\t\t\t\t\t<span class=\"elementor-button-text\">Read more<\/span>\n\t\t\t\t\t<\/span>\n\t\t\t\t\t<\/a>\n\t\t\t\t<\/div>\n\t\t\t\t\t\t\t\t<\/div>\n\t\t\t\t<\/div>\n\t\t\t\t<\/div>\n\t\t\t\t<\/div>\n\t\t\t\t\t<\/div>\n\t\t\t\t<\/div>\n\t\t\t\t<\/div>\n\t\t","protected":false},"excerpt":{"rendered":"<p>At AIR NET SALAS LIMPIAS we design and build optimal controlled spaces, ideal for pharmaceutical industries, hospitals, laboratories, research centers, and specialized industrial sectors. Design and construction of air treatment facilities We offer comprehensive solutions specialized in the design and construction of air treatment facilities We design and build advanced facilities for air treatment. At [&hellip;]<\/p>\n","protected":false},"author":1,"featured_media":0,"parent":0,"menu_order":0,"comment_status":"closed","ping_status":"closed","template":"","meta":{"footnotes":""},"class_list":["post-2316","page","type-page","status-publish","hentry"],"yoast_head":"<!-- This site is optimized with the Yoast SEO plugin v27.3 - https:\/\/yoast.com\/product\/yoast-seo-wordpress\/ -->\n<title>Facilities - AIR NET SALAS LIMPIAS<\/title>\n<meta name=\"robots\" content=\"index, follow, max-snippet:-1, max-image-preview:large, max-video-preview:-1\" \/>\n<link rel=\"canonical\" href=\"https:\/\/www.airnetsalaslimpias.com\/en\/facilities\/\" \/>\n<meta property=\"og:locale\" content=\"en_US\" \/>\n<meta property=\"og:type\" content=\"article\" \/>\n<meta property=\"og:title\" content=\"Facilities - AIR NET SALAS LIMPIAS\" \/>\n<meta property=\"og:description\" content=\"At AIR NET SALAS LIMPIAS we design and build optimal controlled spaces, ideal for pharmaceutical industries, hospitals, laboratories, research centers, and specialized industrial sectors. Design and construction of air treatment facilities We offer comprehensive solutions specialized in the design and construction of air treatment facilities We design and build advanced facilities for air treatment. At [&hellip;]\" \/>\n<meta property=\"og:url\" content=\"https:\/\/www.airnetsalaslimpias.com\/en\/facilities\/\" \/>\n<meta property=\"og:site_name\" content=\"AIR NET SALAS LIMPIAS\" \/>\n<meta property=\"article:modified_time\" content=\"2025-04-14T09:49:54+00:00\" \/>\n<meta property=\"og:image\" content=\"https:\/\/www.airnetsalaslimpias.com\/wp-content\/uploads\/2025\/03\/INSTALACIONES-4.jpg\" \/>\n\t<meta property=\"og:image:width\" content=\"720\" \/>\n\t<meta property=\"og:image:height\" content=\"756\" \/>\n\t<meta property=\"og:image:type\" content=\"image\/jpeg\" \/>\n<meta name=\"twitter:card\" content=\"summary_large_image\" \/>\n<meta name=\"twitter:label1\" content=\"Est. reading time\" \/>\n\t<meta name=\"twitter:data1\" content=\"1 minute\" \/>\n<script type=\"application\/ld+json\" class=\"yoast-schema-graph\">{\"@context\":\"https:\\\/\\\/schema.org\",\"@graph\":[{\"@type\":\"WebPage\",\"@id\":\"https:\\\/\\\/www.airnetsalaslimpias.com\\\/en\\\/facilities\\\/\",\"url\":\"https:\\\/\\\/www.airnetsalaslimpias.com\\\/en\\\/facilities\\\/\",\"name\":\"Facilities - AIR NET SALAS LIMPIAS\",\"isPartOf\":{\"@id\":\"https:\\\/\\\/www.airnetsalaslimpias.com\\\/en\\\/#website\"},\"primaryImageOfPage\":{\"@id\":\"https:\\\/\\\/www.airnetsalaslimpias.com\\\/en\\\/facilities\\\/#primaryimage\"},\"image\":{\"@id\":\"https:\\\/\\\/www.airnetsalaslimpias.com\\\/en\\\/facilities\\\/#primaryimage\"},\"thumbnailUrl\":\"https:\\\/\\\/www.airnetsalaslimpias.com\\\/wp-content\\\/uploads\\\/2025\\\/03\\\/INSTALACIONES-4.jpg\",\"datePublished\":\"2025-03-12T10:31:18+00:00\",\"dateModified\":\"2025-04-14T09:49:54+00:00\",\"breadcrumb\":{\"@id\":\"https:\\\/\\\/www.airnetsalaslimpias.com\\\/en\\\/facilities\\\/#breadcrumb\"},\"inLanguage\":\"en-US\",\"potentialAction\":[{\"@type\":\"ReadAction\",\"target\":[\"https:\\\/\\\/www.airnetsalaslimpias.com\\\/en\\\/facilities\\\/\"]}]},{\"@type\":\"ImageObject\",\"inLanguage\":\"en-US\",\"@id\":\"https:\\\/\\\/www.airnetsalaslimpias.com\\\/en\\\/facilities\\\/#primaryimage\",\"url\":\"https:\\\/\\\/www.airnetsalaslimpias.com\\\/wp-content\\\/uploads\\\/2025\\\/03\\\/INSTALACIONES-4.jpg\",\"contentUrl\":\"https:\\\/\\\/www.airnetsalaslimpias.com\\\/wp-content\\\/uploads\\\/2025\\\/03\\\/INSTALACIONES-4.jpg\"},{\"@type\":\"BreadcrumbList\",\"@id\":\"https:\\\/\\\/www.airnetsalaslimpias.com\\\/en\\\/facilities\\\/#breadcrumb\",\"itemListElement\":[{\"@type\":\"ListItem\",\"position\":1,\"name\":\"Portada\",\"item\":\"https:\\\/\\\/www.airnetsalaslimpias.com\\\/en\\\/\"},{\"@type\":\"ListItem\",\"position\":2,\"name\":\"Facilities\"}]},{\"@type\":\"WebSite\",\"@id\":\"https:\\\/\\\/www.airnetsalaslimpias.com\\\/en\\\/#website\",\"url\":\"https:\\\/\\\/www.airnetsalaslimpias.com\\\/en\\\/\",\"name\":\"AIR NET SALAS LIMPIAS\",\"description\":\"+20 a\u00f1os en el dise\u00f1o, construcci\u00f3n y mantenimiento  de instalaciones de tratamiento de aire para salas limpias  y \u00e1reas de contenci\u00f3n\",\"publisher\":{\"@id\":\"https:\\\/\\\/www.airnetsalaslimpias.com\\\/en\\\/#organization\"},\"potentialAction\":[{\"@type\":\"SearchAction\",\"target\":{\"@type\":\"EntryPoint\",\"urlTemplate\":\"https:\\\/\\\/www.airnetsalaslimpias.com\\\/en\\\/?s={search_term_string}\"},\"query-input\":{\"@type\":\"PropertyValueSpecification\",\"valueRequired\":true,\"valueName\":\"search_term_string\"}}],\"inLanguage\":\"en-US\"},{\"@type\":\"Organization\",\"@id\":\"https:\\\/\\\/www.airnetsalaslimpias.com\\\/en\\\/#organization\",\"name\":\"AIR NET SALAS LIMPIAS\",\"url\":\"https:\\\/\\\/www.airnetsalaslimpias.com\\\/en\\\/\",\"logo\":{\"@type\":\"ImageObject\",\"inLanguage\":\"en-US\",\"@id\":\"https:\\\/\\\/www.airnetsalaslimpias.com\\\/en\\\/#\\\/schema\\\/logo\\\/image\\\/\",\"url\":\"https:\\\/\\\/www.airnetsalaslimpias.com\\\/wp-content\\\/uploads\\\/2025\\\/03\\\/Logo-AN-completo-vectorizado-2048x1034-1.jpg\",\"contentUrl\":\"https:\\\/\\\/www.airnetsalaslimpias.com\\\/wp-content\\\/uploads\\\/2025\\\/03\\\/Logo-AN-completo-vectorizado-2048x1034-1.jpg\",\"width\":2048,\"height\":1034,\"caption\":\"AIR NET SALAS LIMPIAS\"},\"image\":{\"@id\":\"https:\\\/\\\/www.airnetsalaslimpias.com\\\/en\\\/#\\\/schema\\\/logo\\\/image\\\/\"}}]}<\/script>\n<!-- \/ Yoast SEO plugin. -->","yoast_head_json":{"title":"Facilities - AIR NET SALAS LIMPIAS","robots":{"index":"index","follow":"follow","max-snippet":"max-snippet:-1","max-image-preview":"max-image-preview:large","max-video-preview":"max-video-preview:-1"},"canonical":"https:\/\/www.airnetsalaslimpias.com\/en\/facilities\/","og_locale":"en_US","og_type":"article","og_title":"Facilities - AIR NET SALAS LIMPIAS","og_description":"At AIR NET SALAS LIMPIAS we design and build optimal controlled spaces, ideal for pharmaceutical industries, hospitals, laboratories, research centers, and specialized industrial sectors. Design and construction of air treatment facilities We offer comprehensive solutions specialized in the design and construction of air treatment facilities We design and build advanced facilities for air treatment. At [&hellip;]","og_url":"https:\/\/www.airnetsalaslimpias.com\/en\/facilities\/","og_site_name":"AIR NET SALAS LIMPIAS","article_modified_time":"2025-04-14T09:49:54+00:00","og_image":[{"width":720,"height":756,"url":"https:\/\/www.airnetsalaslimpias.com\/wp-content\/uploads\/2025\/03\/INSTALACIONES-4.jpg","type":"image\/jpeg"}],"twitter_card":"summary_large_image","twitter_misc":{"Est. reading time":"1 minute"},"schema":{"@context":"https:\/\/schema.org","@graph":[{"@type":"WebPage","@id":"https:\/\/www.airnetsalaslimpias.com\/en\/facilities\/","url":"https:\/\/www.airnetsalaslimpias.com\/en\/facilities\/","name":"Facilities - AIR NET SALAS LIMPIAS","isPartOf":{"@id":"https:\/\/www.airnetsalaslimpias.com\/en\/#website"},"primaryImageOfPage":{"@id":"https:\/\/www.airnetsalaslimpias.com\/en\/facilities\/#primaryimage"},"image":{"@id":"https:\/\/www.airnetsalaslimpias.com\/en\/facilities\/#primaryimage"},"thumbnailUrl":"https:\/\/www.airnetsalaslimpias.com\/wp-content\/uploads\/2025\/03\/INSTALACIONES-4.jpg","datePublished":"2025-03-12T10:31:18+00:00","dateModified":"2025-04-14T09:49:54+00:00","breadcrumb":{"@id":"https:\/\/www.airnetsalaslimpias.com\/en\/facilities\/#breadcrumb"},"inLanguage":"en-US","potentialAction":[{"@type":"ReadAction","target":["https:\/\/www.airnetsalaslimpias.com\/en\/facilities\/"]}]},{"@type":"ImageObject","inLanguage":"en-US","@id":"https:\/\/www.airnetsalaslimpias.com\/en\/facilities\/#primaryimage","url":"https:\/\/www.airnetsalaslimpias.com\/wp-content\/uploads\/2025\/03\/INSTALACIONES-4.jpg","contentUrl":"https:\/\/www.airnetsalaslimpias.com\/wp-content\/uploads\/2025\/03\/INSTALACIONES-4.jpg"},{"@type":"BreadcrumbList","@id":"https:\/\/www.airnetsalaslimpias.com\/en\/facilities\/#breadcrumb","itemListElement":[{"@type":"ListItem","position":1,"name":"Portada","item":"https:\/\/www.airnetsalaslimpias.com\/en\/"},{"@type":"ListItem","position":2,"name":"Facilities"}]},{"@type":"WebSite","@id":"https:\/\/www.airnetsalaslimpias.com\/en\/#website","url":"https:\/\/www.airnetsalaslimpias.com\/en\/","name":"AIR NET SALAS LIMPIAS","description":"+20 a\u00f1os en el dise\u00f1o, construcci\u00f3n y mantenimiento  de instalaciones de tratamiento de aire para salas limpias  y \u00e1reas de contenci\u00f3n","publisher":{"@id":"https:\/\/www.airnetsalaslimpias.com\/en\/#organization"},"potentialAction":[{"@type":"SearchAction","target":{"@type":"EntryPoint","urlTemplate":"https:\/\/www.airnetsalaslimpias.com\/en\/?s={search_term_string}"},"query-input":{"@type":"PropertyValueSpecification","valueRequired":true,"valueName":"search_term_string"}}],"inLanguage":"en-US"},{"@type":"Organization","@id":"https:\/\/www.airnetsalaslimpias.com\/en\/#organization","name":"AIR NET SALAS LIMPIAS","url":"https:\/\/www.airnetsalaslimpias.com\/en\/","logo":{"@type":"ImageObject","inLanguage":"en-US","@id":"https:\/\/www.airnetsalaslimpias.com\/en\/#\/schema\/logo\/image\/","url":"https:\/\/www.airnetsalaslimpias.com\/wp-content\/uploads\/2025\/03\/Logo-AN-completo-vectorizado-2048x1034-1.jpg","contentUrl":"https:\/\/www.airnetsalaslimpias.com\/wp-content\/uploads\/2025\/03\/Logo-AN-completo-vectorizado-2048x1034-1.jpg","width":2048,"height":1034,"caption":"AIR NET SALAS LIMPIAS"},"image":{"@id":"https:\/\/www.airnetsalaslimpias.com\/en\/#\/schema\/logo\/image\/"}}]}},"_links":{"self":[{"href":"https:\/\/www.airnetsalaslimpias.com\/en\/wp-json\/wp\/v2\/pages\/2316","targetHints":{"allow":["GET"]}}],"collection":[{"href":"https:\/\/www.airnetsalaslimpias.com\/en\/wp-json\/wp\/v2\/pages"}],"about":[{"href":"https:\/\/www.airnetsalaslimpias.com\/en\/wp-json\/wp\/v2\/types\/page"}],"author":[{"embeddable":true,"href":"https:\/\/www.airnetsalaslimpias.com\/en\/wp-json\/wp\/v2\/users\/1"}],"replies":[{"embeddable":true,"href":"https:\/\/www.airnetsalaslimpias.com\/en\/wp-json\/wp\/v2\/comments?post=2316"}],"version-history":[{"count":0,"href":"https:\/\/www.airnetsalaslimpias.com\/en\/wp-json\/wp\/v2\/pages\/2316\/revisions"}],"wp:attachment":[{"href":"https:\/\/www.airnetsalaslimpias.com\/en\/wp-json\/wp\/v2\/media?parent=2316"}],"curies":[{"name":"wp","href":"https:\/\/api.w.org\/{rel}","templated":true}]}}