{"id":2313,"date":"2025-03-12T11:31:18","date_gmt":"2025-03-12T10:31:18","guid":{"rendered":"https:\/\/www.airnetsalaslimpias.com\/installacions\/"},"modified":"2025-04-14T11:43:03","modified_gmt":"2025-04-14T09:43:03","slug":"installacions","status":"publish","type":"page","link":"https:\/\/www.airnetsalaslimpias.com\/ca\/installacions\/","title":{"rendered":"Instal\u00b7lacions"},"content":{"rendered":"\t\t<div data-elementor-type=\"wp-page\" data-elementor-id=\"2313\" class=\"elementor elementor-2313 elementor-31\" data-elementor-post-type=\"page\">\n\t\t\t\t<div class=\"elementor-element elementor-element-9d1f14b elementor-hidden-desktop elementor-hidden-tablet elementor-hidden-mobile e-flex e-con-boxed e-con e-parent\" data-id=\"9d1f14b\" data-element_type=\"container\" data-e-type=\"container\" data-settings=\"{&quot;background_background&quot;:&quot;classic&quot;}\">\n\t\t\t\t\t<div class=\"e-con-inner\">\n\t\t\t\t<div class=\"elementor-element elementor-element-281254a elementor-widget elementor-widget-heading\" data-id=\"281254a\" data-element_type=\"widget\" data-e-type=\"widget\" data-widget_type=\"heading.default\">\n\t\t\t\t<div class=\"elementor-widget-container\">\n\t\t\t\t\t<h1 class=\"elementor-heading-title elementor-size-default\">Instal\u00b7lacions<\/h1>\t\t\t\t<\/div>\n\t\t\t\t<\/div>\n\t\t\t\t<div class=\"elementor-element elementor-element-c20158e elementor-widget__width-initial elementor-widget elementor-widget-text-editor\" data-id=\"c20158e\" data-element_type=\"widget\" data-e-type=\"widget\" data-widget_type=\"text-editor.default\">\n\t\t\t\t<div class=\"elementor-widget-container\">\n\t\t\t\t\t\t\t\t\t<p>A AIR NET SALAS LIMPIAS dissenyem i constru\u00efm espais controlats \u00f2ptims, ideals per a ind\u00fastries farmac\u00e8utiques, hospitals, laboratoris, centres de recerca i sectors industrials especialitzats.<\/p>\n\t\t\t\t\t\t\t\t<\/div>\n\t\t\t\t<\/div>\n\t\t\t\t\t<\/div>\n\t\t\t\t<\/div>\n\t\t<div class=\"elementor-element elementor-element-d63f77f e-flex e-con-boxed e-con e-parent\" data-id=\"d63f77f\" data-element_type=\"container\" data-e-type=\"container\" data-settings=\"{&quot;background_background&quot;:&quot;classic&quot;}\">\n\t\t\t\t\t<div class=\"e-con-inner\">\n\t\t<div class=\"elementor-element elementor-element-1471d29 e-con-full e-flex e-con e-child\" data-id=\"1471d29\" data-element_type=\"container\" data-e-type=\"container\">\n\t\t<div class=\"elementor-element elementor-element-c4e22a0 e-con-full e-flex e-con e-child\" data-id=\"c4e22a0\" data-element_type=\"container\" data-e-type=\"container\">\n\t\t\t\t<div class=\"elementor-element elementor-element-6eb00f7 elementor-widget elementor-widget-heading\" data-id=\"6eb00f7\" data-element_type=\"widget\" data-e-type=\"widget\" data-widget_type=\"heading.default\">\n\t\t\t\t<div class=\"elementor-widget-container\">\n\t\t\t\t\t<h1 class=\"elementor-heading-title elementor-size-default\">Disseny i Construcci\u00f3 d'instal\u00b7lacions per al tractament de l'aire<\/h1>\t\t\t\t<\/div>\n\t\t\t\t<\/div>\n\t\t\t\t<div class=\"elementor-element elementor-element-e058d09 elementor-widget elementor-widget-heading\" data-id=\"e058d09\" data-element_type=\"widget\" data-e-type=\"widget\" data-widget_type=\"heading.default\">\n\t\t\t\t<div class=\"elementor-widget-container\">\n\t\t\t\t\t<h2 class=\"elementor-heading-title elementor-size-default\">Oferim solucions integrals especialitzades en el disseny i construcci\u00f3 d'instal\u00b7lacions per al tractament de l'aire<\/h2>\t\t\t\t<\/div>\n\t\t\t\t<\/div>\n\t\t\t\t<\/div>\n\t\t\t\t<\/div>\n\t\t\t\t<div class=\"elementor-element elementor-element-f5e554f elementor-widget-divider--view-line elementor-widget elementor-widget-divider\" data-id=\"f5e554f\" data-element_type=\"widget\" data-e-type=\"widget\" data-widget_type=\"divider.default\">\n\t\t\t\t<div class=\"elementor-widget-container\">\n\t\t\t\t\t\t\t<div class=\"elementor-divider\">\n\t\t\t<span class=\"elementor-divider-separator\">\n\t\t\t\t\t\t<\/span>\n\t\t<\/div>\n\t\t\t\t\t\t<\/div>\n\t\t\t\t<\/div>\n\t\t<div class=\"elementor-element elementor-element-6edbe8f e-con-full e-flex e-con e-child\" data-id=\"6edbe8f\" data-element_type=\"container\" data-e-type=\"container\" data-settings=\"{&quot;background_background&quot;:&quot;classic&quot;}\">\n\t\t<div class=\"elementor-element elementor-element-47c4c7b e-con-full e-flex e-con e-child\" data-id=\"47c4c7b\" data-element_type=\"container\" data-e-type=\"container\">\n\t\t\t\t<div class=\"elementor-element elementor-element-b5edc73 elementor-widget elementor-widget-image\" data-id=\"b5edc73\" data-element_type=\"widget\" data-e-type=\"widget\" data-widget_type=\"image.default\">\n\t\t\t\t<div class=\"elementor-widget-container\">\n\t\t\t\t\t\t\t\t\t\t\t\t\t\t\t<img fetchpriority=\"high\" decoding=\"async\" width=\"720\" height=\"756\" src=\"https:\/\/www.airnetsalaslimpias.com\/wp-content\/uploads\/2025\/03\/INSTALACIONES-4.jpg\" class=\"attachment-full size-full wp-image-2227\" alt=\"\" srcset=\"https:\/\/www.airnetsalaslimpias.com\/wp-content\/uploads\/2025\/03\/INSTALACIONES-4.jpg 720w, https:\/\/www.airnetsalaslimpias.com\/wp-content\/uploads\/2025\/03\/INSTALACIONES-4-286x300.jpg 286w\" sizes=\"(max-width: 720px) 100vw, 720px\" \/>\t\t\t\t\t\t\t\t\t\t\t\t\t\t\t<\/div>\n\t\t\t\t<\/div>\n\t\t\t\t<\/div>\n\t\t<div class=\"elementor-element elementor-element-0d3565f e-con-full e-flex e-con e-child\" data-id=\"0d3565f\" data-element_type=\"container\" data-e-type=\"container\">\n\t\t\t\t<div class=\"elementor-element elementor-element-f91ad88 elementor-widget elementor-widget-heading\" data-id=\"f91ad88\" data-element_type=\"widget\" data-e-type=\"widget\" data-widget_type=\"heading.default\">\n\t\t\t\t<div class=\"elementor-widget-container\">\n\t\t\t\t\t<h3 class=\"elementor-heading-title elementor-size-default\">Dissenyem i constru\u00efm instal\u00b7lacions avan\u00e7ades<br> per al tractament de l'Aire<\/h3>\t\t\t\t<\/div>\n\t\t\t\t<\/div>\n\t\t\t\t<div class=\"elementor-element elementor-element-6374f32 elementor-widget elementor-widget-text-editor\" data-id=\"6374f32\" data-element_type=\"widget\" data-e-type=\"widget\" data-widget_type=\"text-editor.default\">\n\t\t\t\t<div class=\"elementor-widget-container\">\n\t\t\t\t\t\t\t\t\t<p>A AIR NET SALAS LIMPIAS dissenyem i constru\u00efm espais controlats \u00f2ptims, ideals per a ind\u00fastries farmac\u00e8utiques, hospitals, laboratoris, centres de recerca i sectors industrials especialitzats.<\/p>\n<p>Brindem un servei personalitzat, des de l&#8217;etapa de consultoria inicial fins a la posada en marxa, garantint la plena satisfacci\u00f3 dels nostres clients.<\/p>\n\t\t\t\t\t\t\t\t<\/div>\n\t\t\t\t<\/div>\n\t\t\t\t<div class=\"elementor-element elementor-element-89e3a8e elementor-mobile-align-justify elementor-widget elementor-widget-button\" data-id=\"89e3a8e\" data-element_type=\"widget\" data-e-type=\"widget\" data-widget_type=\"button.default\">\n\t\t\t\t<div class=\"elementor-widget-container\">\n\t\t\t\t\t\t\t\t\t<div class=\"elementor-button-wrapper\">\n\t\t\t\t\t<a class=\"elementor-button elementor-button-link elementor-size-sm\" href=\"https:\/\/www.airnetsalaslimpias.com\/contacto\/\">\n\t\t\t\t\t\t<span class=\"elementor-button-content-wrapper\">\n\t\t\t\t\t\t\t\t\t<span class=\"elementor-button-text\">Llegir m\u00e9s<\/span>\n\t\t\t\t\t<\/span>\n\t\t\t\t\t<\/a>\n\t\t\t\t<\/div>\n\t\t\t\t\t\t\t\t<\/div>\n\t\t\t\t<\/div>\n\t\t\t\t<\/div>\n\t\t\t\t<\/div>\n\t\t<div class=\"elementor-element elementor-element-83e7c32 e-con-full e-flex e-con e-child\" data-id=\"83e7c32\" data-element_type=\"container\" data-e-type=\"container\" data-settings=\"{&quot;background_background&quot;:&quot;classic&quot;}\">\n\t\t<div class=\"elementor-element elementor-element-949b6b3 e-con-full e-flex e-con e-child\" data-id=\"949b6b3\" data-element_type=\"container\" data-e-type=\"container\">\n\t\t\t\t<div class=\"elementor-element elementor-element-49f742b elementor-widget elementor-widget-heading\" data-id=\"49f742b\" data-element_type=\"widget\" data-e-type=\"widget\" data-widget_type=\"heading.default\">\n\t\t\t\t<div class=\"elementor-widget-container\">\n\t\t\t\t\t<h3 class=\"elementor-heading-title elementor-size-default\">Complim estrictament amb les normatives internacionals vigents, ISO, 14644, etc...<\/h3>\t\t\t\t<\/div>\n\t\t\t\t<\/div>\n\t\t\t\t<div class=\"elementor-element elementor-element-9835c28 elementor-widget elementor-widget-text-editor\" data-id=\"9835c28\" data-element_type=\"widget\" data-e-type=\"widget\" data-widget_type=\"text-editor.default\">\n\t\t\t\t<div class=\"elementor-widget-container\">\n\t\t\t\t\t\t\t\t\t<p>Les nostres instal\u00b7lacions compleixen estrictament amb les normatives internacionals vigents (ISO 14644, GMP, FDA, entre d&#8217;altres), garantint entorns segurs, nets i regulats.<\/p>\n<p>Realitzem controls exhaustius en totes les fases del projecte per assegurar la qualitat i funcionalitat de cada instal\u00b7laci\u00f3.<\/p>\n\t\t\t\t\t\t\t\t<\/div>\n\t\t\t\t<\/div>\n\t\t\t\t<div class=\"elementor-element elementor-element-8a43fd8 elementor-mobile-align-justify elementor-widget elementor-widget-button\" data-id=\"8a43fd8\" data-element_type=\"widget\" data-e-type=\"widget\" data-widget_type=\"button.default\">\n\t\t\t\t<div class=\"elementor-widget-container\">\n\t\t\t\t\t\t\t\t\t<div class=\"elementor-button-wrapper\">\n\t\t\t\t\t<a class=\"elementor-button elementor-button-link elementor-size-sm\" href=\"https:\/\/www.airnetsalaslimpias.com\/contacto\/\">\n\t\t\t\t\t\t<span class=\"elementor-button-content-wrapper\">\n\t\t\t\t\t\t\t\t\t<span class=\"elementor-button-text\">Llegir m\u00e9s<\/span>\n\t\t\t\t\t<\/span>\n\t\t\t\t\t<\/a>\n\t\t\t\t<\/div>\n\t\t\t\t\t\t\t\t<\/div>\n\t\t\t\t<\/div>\n\t\t\t\t<\/div>\n\t\t<div class=\"elementor-element elementor-element-ea91ab6 e-con-full e-flex e-con e-child\" data-id=\"ea91ab6\" data-element_type=\"container\" data-e-type=\"container\">\n\t\t\t\t<div class=\"elementor-element elementor-element-35e3dea elementor-widget elementor-widget-image\" data-id=\"35e3dea\" data-element_type=\"widget\" data-e-type=\"widget\" data-widget_type=\"image.default\">\n\t\t\t\t<div class=\"elementor-widget-container\">\n\t\t\t\t\t\t\t\t\t\t\t\t\t\t\t<img decoding=\"async\" width=\"720\" height=\"756\" src=\"https:\/\/www.airnetsalaslimpias.com\/wp-content\/uploads\/2025\/03\/instalaciones-8.jpg\" class=\"attachment-full size-full wp-image-2231\" alt=\"\" srcset=\"https:\/\/www.airnetsalaslimpias.com\/wp-content\/uploads\/2025\/03\/instalaciones-8.jpg 720w, https:\/\/www.airnetsalaslimpias.com\/wp-content\/uploads\/2025\/03\/instalaciones-8-286x300.jpg 286w\" sizes=\"(max-width: 720px) 100vw, 720px\" \/>\t\t\t\t\t\t\t\t\t\t\t\t\t\t\t<\/div>\n\t\t\t\t<\/div>\n\t\t\t\t<\/div>\n\t\t\t\t<\/div>\n\t\t<div class=\"elementor-element elementor-element-00c075b e-con-full e-flex e-con e-child\" data-id=\"00c075b\" data-element_type=\"container\" data-e-type=\"container\" data-settings=\"{&quot;background_background&quot;:&quot;classic&quot;}\">\n\t\t<div class=\"elementor-element elementor-element-df8d49d e-con-full e-flex e-con e-child\" data-id=\"df8d49d\" data-element_type=\"container\" data-e-type=\"container\">\n\t\t\t\t<div class=\"elementor-element elementor-element-1997538 elementor-widget elementor-widget-image\" data-id=\"1997538\" data-element_type=\"widget\" data-e-type=\"widget\" data-widget_type=\"image.default\">\n\t\t\t\t<div class=\"elementor-widget-container\">\n\t\t\t\t\t\t\t\t\t\t\t\t\t\t\t<img decoding=\"async\" width=\"720\" height=\"756\" src=\"https:\/\/www.airnetsalaslimpias.com\/wp-content\/uploads\/2025\/03\/mantenimiento.jpg\" class=\"attachment-full size-full wp-image-2197\" alt=\"\" \/>\t\t\t\t\t\t\t\t\t\t\t\t\t\t\t<\/div>\n\t\t\t\t<\/div>\n\t\t\t\t<\/div>\n\t\t<div class=\"elementor-element elementor-element-32b27fe e-con-full e-flex e-con e-child\" data-id=\"32b27fe\" data-element_type=\"container\" data-e-type=\"container\">\n\t\t\t\t<div class=\"elementor-element elementor-element-14444e7 elementor-widget elementor-widget-heading\" data-id=\"14444e7\" data-element_type=\"widget\" data-e-type=\"widget\" data-widget_type=\"heading.default\">\n\t\t\t\t<div class=\"elementor-widget-container\">\n\t\t\t\t\t<h3 class=\"elementor-heading-title elementor-size-default\">Des de l'etapa de consultoria inicial<br> fins a la posada en marxa<\/h3>\t\t\t\t<\/div>\n\t\t\t\t<\/div>\n\t\t\t\t<div class=\"elementor-element elementor-element-18f8e07 elementor-widget elementor-widget-text-editor\" data-id=\"18f8e07\" data-element_type=\"widget\" data-e-type=\"widget\" data-widget_type=\"text-editor.default\">\n\t\t\t\t<div class=\"elementor-widget-container\">\n\t\t\t\t\t\t\t\t\t<p>A cada projecte, el nostre comprom\u00eds amb la qualitat ens impulsa a supervisar meticulosament cada fase del proc\u00e9s, des del disseny conceptual fins a la posada en marxa.<\/p>\n<p>Oferim solucions energ\u00e8ticament eficients i sostenibles, minimitzant costos operatius i augmentant la vida \u00fatil de les instal\u00b7lacions.<\/p>\n\t\t\t\t\t\t\t\t<\/div>\n\t\t\t\t<\/div>\n\t\t\t\t<div class=\"elementor-element elementor-element-4c5f5d5 elementor-mobile-align-justify elementor-widget elementor-widget-button\" data-id=\"4c5f5d5\" data-element_type=\"widget\" data-e-type=\"widget\" data-widget_type=\"button.default\">\n\t\t\t\t<div class=\"elementor-widget-container\">\n\t\t\t\t\t\t\t\t\t<div class=\"elementor-button-wrapper\">\n\t\t\t\t\t<a class=\"elementor-button elementor-button-link elementor-size-sm\" href=\"https:\/\/www.airnetsalaslimpias.com\/contacto\/\">\n\t\t\t\t\t\t<span class=\"elementor-button-content-wrapper\">\n\t\t\t\t\t\t\t\t\t<span class=\"elementor-button-text\">Llegir m\u00e9s<\/span>\n\t\t\t\t\t<\/span>\n\t\t\t\t\t<\/a>\n\t\t\t\t<\/div>\n\t\t\t\t\t\t\t\t<\/div>\n\t\t\t\t<\/div>\n\t\t\t\t<\/div>\n\t\t\t\t<\/div>\n\t\t\t\t\t<\/div>\n\t\t\t\t<\/div>\n\t\t\t\t<\/div>\n\t\t","protected":false},"excerpt":{"rendered":"<p>A AIR NET SALAS LIMPIAS dissenyem i constru\u00efm espais controlats \u00f2ptims, ideals per a ind\u00fastries farmac\u00e8utiques, hospitals, laboratoris, centres de recerca i sectors industrials especialitzats. Disseny i Construcci\u00f3 d&#8217;instal\u00b7lacions per al tractament de l&#8217;aire Oferim solucions integrals especialitzades en el disseny i construcci\u00f3 d&#8217;instal\u00b7lacions per al tractament de l&#8217;aire Dissenyem i constru\u00efm instal\u00b7lacions avan\u00e7ades per [&hellip;]<\/p>\n","protected":false},"author":1,"featured_media":0,"parent":0,"menu_order":0,"comment_status":"closed","ping_status":"closed","template":"","meta":{"footnotes":""},"class_list":["post-2313","page","type-page","status-publish","hentry"],"yoast_head":"<!-- This site is optimized with the Yoast SEO plugin v27.3 - https:\/\/yoast.com\/product\/yoast-seo-wordpress\/ -->\n<title>Instal\u00b7lacions - AIR NET SALAS LIMPIAS<\/title>\n<meta name=\"robots\" content=\"index, follow, max-snippet:-1, max-image-preview:large, max-video-preview:-1\" \/>\n<link rel=\"canonical\" href=\"https:\/\/www.airnetsalaslimpias.com\/ca\/installacions\/\" \/>\n<meta property=\"og:locale\" content=\"ca_ES\" \/>\n<meta property=\"og:type\" content=\"article\" \/>\n<meta property=\"og:title\" content=\"Instal\u00b7lacions - AIR NET SALAS LIMPIAS\" \/>\n<meta property=\"og:description\" content=\"A AIR NET SALAS LIMPIAS dissenyem i constru\u00efm espais controlats \u00f2ptims, ideals per a ind\u00fastries farmac\u00e8utiques, hospitals, laboratoris, centres de recerca i sectors industrials especialitzats. Disseny i Construcci\u00f3 d&#8217;instal\u00b7lacions per al tractament de l&#8217;aire Oferim solucions integrals especialitzades en el disseny i construcci\u00f3 d&#8217;instal\u00b7lacions per al tractament de l&#8217;aire Dissenyem i constru\u00efm instal\u00b7lacions avan\u00e7ades per [&hellip;]\" \/>\n<meta property=\"og:url\" content=\"https:\/\/www.airnetsalaslimpias.com\/ca\/installacions\/\" \/>\n<meta property=\"og:site_name\" content=\"AIR NET SALAS LIMPIAS\" \/>\n<meta property=\"article:modified_time\" content=\"2025-04-14T09:43:03+00:00\" \/>\n<meta property=\"og:image\" content=\"https:\/\/www.airnetsalaslimpias.com\/wp-content\/uploads\/2025\/03\/INSTALACIONES-4.jpg\" \/>\n\t<meta property=\"og:image:width\" content=\"720\" \/>\n\t<meta property=\"og:image:height\" content=\"756\" \/>\n\t<meta property=\"og:image:type\" content=\"image\/jpeg\" \/>\n<meta name=\"twitter:card\" content=\"summary_large_image\" \/>\n<meta name=\"twitter:label1\" content=\"Temps estimat de lectura\" \/>\n\t<meta name=\"twitter:data1\" content=\"1 minut\" \/>\n<script type=\"application\/ld+json\" class=\"yoast-schema-graph\">{\"@context\":\"https:\\\/\\\/schema.org\",\"@graph\":[{\"@type\":\"WebPage\",\"@id\":\"https:\\\/\\\/www.airnetsalaslimpias.com\\\/ca\\\/installacions\\\/\",\"url\":\"https:\\\/\\\/www.airnetsalaslimpias.com\\\/ca\\\/installacions\\\/\",\"name\":\"Instal\u00b7lacions - AIR NET SALAS LIMPIAS\",\"isPartOf\":{\"@id\":\"https:\\\/\\\/www.airnetsalaslimpias.com\\\/ca\\\/#website\"},\"primaryImageOfPage\":{\"@id\":\"https:\\\/\\\/www.airnetsalaslimpias.com\\\/ca\\\/installacions\\\/#primaryimage\"},\"image\":{\"@id\":\"https:\\\/\\\/www.airnetsalaslimpias.com\\\/ca\\\/installacions\\\/#primaryimage\"},\"thumbnailUrl\":\"https:\\\/\\\/www.airnetsalaslimpias.com\\\/wp-content\\\/uploads\\\/2025\\\/03\\\/INSTALACIONES-4.jpg\",\"datePublished\":\"2025-03-12T10:31:18+00:00\",\"dateModified\":\"2025-04-14T09:43:03+00:00\",\"breadcrumb\":{\"@id\":\"https:\\\/\\\/www.airnetsalaslimpias.com\\\/ca\\\/installacions\\\/#breadcrumb\"},\"inLanguage\":\"ca\",\"potentialAction\":[{\"@type\":\"ReadAction\",\"target\":[\"https:\\\/\\\/www.airnetsalaslimpias.com\\\/ca\\\/installacions\\\/\"]}]},{\"@type\":\"ImageObject\",\"inLanguage\":\"ca\",\"@id\":\"https:\\\/\\\/www.airnetsalaslimpias.com\\\/ca\\\/installacions\\\/#primaryimage\",\"url\":\"https:\\\/\\\/www.airnetsalaslimpias.com\\\/wp-content\\\/uploads\\\/2025\\\/03\\\/INSTALACIONES-4.jpg\",\"contentUrl\":\"https:\\\/\\\/www.airnetsalaslimpias.com\\\/wp-content\\\/uploads\\\/2025\\\/03\\\/INSTALACIONES-4.jpg\"},{\"@type\":\"BreadcrumbList\",\"@id\":\"https:\\\/\\\/www.airnetsalaslimpias.com\\\/ca\\\/installacions\\\/#breadcrumb\",\"itemListElement\":[{\"@type\":\"ListItem\",\"position\":1,\"name\":\"Portada\",\"item\":\"https:\\\/\\\/www.airnetsalaslimpias.com\\\/ca\\\/\"},{\"@type\":\"ListItem\",\"position\":2,\"name\":\"Instal\u00b7lacions\"}]},{\"@type\":\"WebSite\",\"@id\":\"https:\\\/\\\/www.airnetsalaslimpias.com\\\/ca\\\/#website\",\"url\":\"https:\\\/\\\/www.airnetsalaslimpias.com\\\/ca\\\/\",\"name\":\"AIR NET SALAS LIMPIAS\",\"description\":\"+20 a\u00f1os en el dise\u00f1o, construcci\u00f3n y mantenimiento  de instalaciones de tratamiento de aire para salas limpias  y \u00e1reas de contenci\u00f3n\",\"publisher\":{\"@id\":\"https:\\\/\\\/www.airnetsalaslimpias.com\\\/ca\\\/#organization\"},\"potentialAction\":[{\"@type\":\"SearchAction\",\"target\":{\"@type\":\"EntryPoint\",\"urlTemplate\":\"https:\\\/\\\/www.airnetsalaslimpias.com\\\/ca\\\/?s={search_term_string}\"},\"query-input\":{\"@type\":\"PropertyValueSpecification\",\"valueRequired\":true,\"valueName\":\"search_term_string\"}}],\"inLanguage\":\"ca\"},{\"@type\":\"Organization\",\"@id\":\"https:\\\/\\\/www.airnetsalaslimpias.com\\\/ca\\\/#organization\",\"name\":\"AIR NET SALAS LIMPIAS\",\"url\":\"https:\\\/\\\/www.airnetsalaslimpias.com\\\/ca\\\/\",\"logo\":{\"@type\":\"ImageObject\",\"inLanguage\":\"ca\",\"@id\":\"https:\\\/\\\/www.airnetsalaslimpias.com\\\/ca\\\/#\\\/schema\\\/logo\\\/image\\\/\",\"url\":\"https:\\\/\\\/www.airnetsalaslimpias.com\\\/wp-content\\\/uploads\\\/2025\\\/03\\\/Logo-AN-completo-vectorizado-2048x1034-1.jpg\",\"contentUrl\":\"https:\\\/\\\/www.airnetsalaslimpias.com\\\/wp-content\\\/uploads\\\/2025\\\/03\\\/Logo-AN-completo-vectorizado-2048x1034-1.jpg\",\"width\":2048,\"height\":1034,\"caption\":\"AIR NET SALAS LIMPIAS\"},\"image\":{\"@id\":\"https:\\\/\\\/www.airnetsalaslimpias.com\\\/ca\\\/#\\\/schema\\\/logo\\\/image\\\/\"}}]}<\/script>\n<!-- \/ Yoast SEO plugin. -->","yoast_head_json":{"title":"Instal\u00b7lacions - AIR NET SALAS LIMPIAS","robots":{"index":"index","follow":"follow","max-snippet":"max-snippet:-1","max-image-preview":"max-image-preview:large","max-video-preview":"max-video-preview:-1"},"canonical":"https:\/\/www.airnetsalaslimpias.com\/ca\/installacions\/","og_locale":"ca_ES","og_type":"article","og_title":"Instal\u00b7lacions - AIR NET SALAS LIMPIAS","og_description":"A AIR NET SALAS LIMPIAS dissenyem i constru\u00efm espais controlats \u00f2ptims, ideals per a ind\u00fastries farmac\u00e8utiques, hospitals, laboratoris, centres de recerca i sectors industrials especialitzats. Disseny i Construcci\u00f3 d&#8217;instal\u00b7lacions per al tractament de l&#8217;aire Oferim solucions integrals especialitzades en el disseny i construcci\u00f3 d&#8217;instal\u00b7lacions per al tractament de l&#8217;aire Dissenyem i constru\u00efm instal\u00b7lacions avan\u00e7ades per [&hellip;]","og_url":"https:\/\/www.airnetsalaslimpias.com\/ca\/installacions\/","og_site_name":"AIR NET SALAS LIMPIAS","article_modified_time":"2025-04-14T09:43:03+00:00","og_image":[{"width":720,"height":756,"url":"https:\/\/www.airnetsalaslimpias.com\/wp-content\/uploads\/2025\/03\/INSTALACIONES-4.jpg","type":"image\/jpeg"}],"twitter_card":"summary_large_image","twitter_misc":{"Temps estimat de lectura":"1 minut"},"schema":{"@context":"https:\/\/schema.org","@graph":[{"@type":"WebPage","@id":"https:\/\/www.airnetsalaslimpias.com\/ca\/installacions\/","url":"https:\/\/www.airnetsalaslimpias.com\/ca\/installacions\/","name":"Instal\u00b7lacions - AIR NET SALAS LIMPIAS","isPartOf":{"@id":"https:\/\/www.airnetsalaslimpias.com\/ca\/#website"},"primaryImageOfPage":{"@id":"https:\/\/www.airnetsalaslimpias.com\/ca\/installacions\/#primaryimage"},"image":{"@id":"https:\/\/www.airnetsalaslimpias.com\/ca\/installacions\/#primaryimage"},"thumbnailUrl":"https:\/\/www.airnetsalaslimpias.com\/wp-content\/uploads\/2025\/03\/INSTALACIONES-4.jpg","datePublished":"2025-03-12T10:31:18+00:00","dateModified":"2025-04-14T09:43:03+00:00","breadcrumb":{"@id":"https:\/\/www.airnetsalaslimpias.com\/ca\/installacions\/#breadcrumb"},"inLanguage":"ca","potentialAction":[{"@type":"ReadAction","target":["https:\/\/www.airnetsalaslimpias.com\/ca\/installacions\/"]}]},{"@type":"ImageObject","inLanguage":"ca","@id":"https:\/\/www.airnetsalaslimpias.com\/ca\/installacions\/#primaryimage","url":"https:\/\/www.airnetsalaslimpias.com\/wp-content\/uploads\/2025\/03\/INSTALACIONES-4.jpg","contentUrl":"https:\/\/www.airnetsalaslimpias.com\/wp-content\/uploads\/2025\/03\/INSTALACIONES-4.jpg"},{"@type":"BreadcrumbList","@id":"https:\/\/www.airnetsalaslimpias.com\/ca\/installacions\/#breadcrumb","itemListElement":[{"@type":"ListItem","position":1,"name":"Portada","item":"https:\/\/www.airnetsalaslimpias.com\/ca\/"},{"@type":"ListItem","position":2,"name":"Instal\u00b7lacions"}]},{"@type":"WebSite","@id":"https:\/\/www.airnetsalaslimpias.com\/ca\/#website","url":"https:\/\/www.airnetsalaslimpias.com\/ca\/","name":"AIR NET SALAS LIMPIAS","description":"+20 a\u00f1os en el dise\u00f1o, construcci\u00f3n y mantenimiento  de instalaciones de tratamiento de aire para salas limpias  y \u00e1reas de contenci\u00f3n","publisher":{"@id":"https:\/\/www.airnetsalaslimpias.com\/ca\/#organization"},"potentialAction":[{"@type":"SearchAction","target":{"@type":"EntryPoint","urlTemplate":"https:\/\/www.airnetsalaslimpias.com\/ca\/?s={search_term_string}"},"query-input":{"@type":"PropertyValueSpecification","valueRequired":true,"valueName":"search_term_string"}}],"inLanguage":"ca"},{"@type":"Organization","@id":"https:\/\/www.airnetsalaslimpias.com\/ca\/#organization","name":"AIR NET SALAS LIMPIAS","url":"https:\/\/www.airnetsalaslimpias.com\/ca\/","logo":{"@type":"ImageObject","inLanguage":"ca","@id":"https:\/\/www.airnetsalaslimpias.com\/ca\/#\/schema\/logo\/image\/","url":"https:\/\/www.airnetsalaslimpias.com\/wp-content\/uploads\/2025\/03\/Logo-AN-completo-vectorizado-2048x1034-1.jpg","contentUrl":"https:\/\/www.airnetsalaslimpias.com\/wp-content\/uploads\/2025\/03\/Logo-AN-completo-vectorizado-2048x1034-1.jpg","width":2048,"height":1034,"caption":"AIR NET SALAS LIMPIAS"},"image":{"@id":"https:\/\/www.airnetsalaslimpias.com\/ca\/#\/schema\/logo\/image\/"}}]}},"_links":{"self":[{"href":"https:\/\/www.airnetsalaslimpias.com\/ca\/wp-json\/wp\/v2\/pages\/2313","targetHints":{"allow":["GET"]}}],"collection":[{"href":"https:\/\/www.airnetsalaslimpias.com\/ca\/wp-json\/wp\/v2\/pages"}],"about":[{"href":"https:\/\/www.airnetsalaslimpias.com\/ca\/wp-json\/wp\/v2\/types\/page"}],"author":[{"embeddable":true,"href":"https:\/\/www.airnetsalaslimpias.com\/ca\/wp-json\/wp\/v2\/users\/1"}],"replies":[{"embeddable":true,"href":"https:\/\/www.airnetsalaslimpias.com\/ca\/wp-json\/wp\/v2\/comments?post=2313"}],"version-history":[{"count":0,"href":"https:\/\/www.airnetsalaslimpias.com\/ca\/wp-json\/wp\/v2\/pages\/2313\/revisions"}],"wp:attachment":[{"href":"https:\/\/www.airnetsalaslimpias.com\/ca\/wp-json\/wp\/v2\/media?parent=2313"}],"curies":[{"name":"wp","href":"https:\/\/api.w.org\/{rel}","templated":true}]}}